{"id":3175,"date":"2022-09-15T23:13:29","date_gmt":"2022-09-15T23:13:29","guid":{"rendered":"http:\/\/cgb.edu.gt\/wp\/?page_id=3175"},"modified":"2022-09-15T23:26:53","modified_gmt":"2022-09-15T23:26:53","slug":"dia-del-nino-2019-2","status":"publish","type":"page","link":"https:\/\/cgb.edu.gt\/wp\/dia-del-nino-2019-2\/","title":{"rendered":"15 de septiembre 2022"},"content":{"rendered":"\t\t<div data-elementor-type=\"wp-page\" data-elementor-id=\"3175\" class=\"elementor elementor-3175\">\n\t\t\t\t\t\t<section class=\"elementor-section elementor-top-section elementor-element elementor-element-4e933d0d elementor-section-full_width elementor-section-height-default elementor-section-height-default\" data-id=\"4e933d0d\" data-element_type=\"section\">\n\t\t\t\t\t\t<div class=\"elementor-container elementor-column-gap-default\">\n\t\t\t\t\t<div class=\"elementor-column elementor-col-50 elementor-top-column elementor-element elementor-element-2edd1074\" data-id=\"2edd1074\" data-element_type=\"column\">\n\t\t\t<div class=\"elementor-widget-wrap elementor-element-populated\">\n\t\t\t\t\t\t<div class=\"elementor-element elementor-element-409bcd07 elementor-widget elementor-widget-heading\" data-id=\"409bcd07\" data-element_type=\"widget\" data-widget_type=\"heading.default\">\n\t\t\t\t<div class=\"elementor-widget-container\">\n\t\t\t\t\t<h1 class=\"elementor-heading-title elementor-size-default\">15 de septiembre de 2022<\/h1>\t\t\t\t<\/div>\n\t\t\t\t<\/div>\n\t\t\t\t\t<\/div>\n\t\t<\/div>\n\t\t\t\t<div class=\"elementor-column elementor-col-50 elementor-top-column elementor-element elementor-element-1cb2004d\" data-id=\"1cb2004d\" data-element_type=\"column\">\n\t\t\t<div class=\"elementor-widget-wrap elementor-element-populated\">\n\t\t\t\t\t\t<div class=\"elementor-element elementor-element-5b8748f elementor-widget elementor-widget-text-editor\" data-id=\"5b8748f\" data-element_type=\"widget\" data-widget_type=\"text-editor.default\">\n\t\t\t\t<div class=\"elementor-widget-container\">\n\t\t\t\t\t\t\t\t\t<p>Con mucho fervor, los alumnos de Preprimaria y Primaria marcharon y entonaron el himno nacional acompa\u00f1ados de todos sus Docentes y Coordinadoras. Acto dirigido por los catedr\u00e1ticos de Educaci\u00f3n F\u00edsica. <\/p>\t\t\t\t\t\t\t\t<\/div>\n\t\t\t\t<\/div>\n\t\t\t\t\t<\/div>\n\t\t<\/div>\n\t\t\t\t\t<\/div>\n\t\t<\/section>\n\t\t\t\t<section class=\"elementor-section elementor-top-section elementor-element elementor-element-70d7981 elementor-section-full_width elementor-section-height-default elementor-section-height-default\" data-id=\"70d7981\" data-element_type=\"section\">\n\t\t\t\t\t\t<div class=\"elementor-container elementor-column-gap-default\">\n\t\t\t\t\t<div class=\"elementor-column elementor-col-100 elementor-top-column elementor-element elementor-element-588f3986\" data-id=\"588f3986\" data-element_type=\"column\">\n\t\t\t<div class=\"elementor-widget-wrap elementor-element-populated\">\n\t\t\t\t\t\t<div class=\"elementor-element elementor-element-54c2b69a elementor-widget elementor-widget-image\" data-id=\"54c2b69a\" data-element_type=\"widget\" data-widget_type=\"image.default\">\n\t\t\t\t<div class=\"elementor-widget-container\">\n\t\t\t\t\t\t\t\t\t\t\t\t\t\t\t<img fetchpriority=\"high\" decoding=\"async\" width=\"1108\" height=\"1200\" src=\"https:\/\/cgb.edu.gt\/wp\/wp-content\/uploads\/2022\/09\/WhatsApp-Image-2022-09-14-at-10.57.48-AM.jpeg\" class=\"attachment-full size-full wp-image-3170\" alt=\"\" srcset=\"https:\/\/cgb.edu.gt\/wp\/wp-content\/uploads\/2022\/09\/WhatsApp-Image-2022-09-14-at-10.57.48-AM.jpeg 1108w, https:\/\/cgb.edu.gt\/wp\/wp-content\/uploads\/2022\/09\/WhatsApp-Image-2022-09-14-at-10.57.48-AM-277x300.jpeg 277w, https:\/\/cgb.edu.gt\/wp\/wp-content\/uploads\/2022\/09\/WhatsApp-Image-2022-09-14-at-10.57.48-AM-945x1024.jpeg 945w, https:\/\/cgb.edu.gt\/wp\/wp-content\/uploads\/2022\/09\/WhatsApp-Image-2022-09-14-at-10.57.48-AM-768x832.jpeg 768w\" sizes=\"(max-width: 1108px) 100vw, 1108px\" \/>\t\t\t\t\t\t\t\t\t\t\t\t\t\t\t<\/div>\n\t\t\t\t<\/div>\n\t\t\t\t\t<\/div>\n\t\t<\/div>\n\t\t\t\t\t<\/div>\n\t\t<\/section>\n\t\t\t\t<section class=\"elementor-section elementor-top-section elementor-element elementor-element-7b79908 elementor-section-boxed elementor-section-height-default elementor-section-height-default\" data-id=\"7b79908\" data-element_type=\"section\" data-settings=\"{&quot;background_background&quot;:&quot;classic&quot;,&quot;shape_divider_top&quot;:&quot;tilt&quot;,&quot;shape_divider_bottom&quot;:&quot;tilt&quot;}\">\n\t\t\t\t\t<div class=\"elementor-shape elementor-shape-top\" data-negative=\"false\">\n\t\t\t<svg xmlns=\"http:\/\/www.w3.org\/2000\/svg\" viewBox=\"0 0 1000 100\" preserveAspectRatio=\"none\">\n\t<path class=\"elementor-shape-fill\" d=\"M0,6V0h1000v100L0,6z\"\/>\n<\/svg>\t\t<\/div>\n\t\t\t\t<div class=\"elementor-shape elementor-shape-bottom\" data-negative=\"false\">\n\t\t\t<svg xmlns=\"http:\/\/www.w3.org\/2000\/svg\" viewBox=\"0 0 1000 100\" preserveAspectRatio=\"none\">\n\t<path class=\"elementor-shape-fill\" d=\"M0,6V0h1000v100L0,6z\"\/>\n<\/svg>\t\t<\/div>\n\t\t\t\t\t<div class=\"elementor-container elementor-column-gap-default\">\n\t\t\t\t\t<div class=\"elementor-column elementor-col-100 elementor-top-column elementor-element elementor-element-4ac777e\" data-id=\"4ac777e\" data-element_type=\"column\">\n\t\t\t<div class=\"elementor-widget-wrap elementor-element-populated\">\n\t\t\t\t\t\t<div class=\"elementor-element elementor-element-80fc2d6 elementor-widget elementor-widget-gallery\" data-id=\"80fc2d6\" data-element_type=\"widget\" data-widget_type=\"gallery.default\">\n\t\t\t\t<div class=\"elementor-widget-container\">\n\t\t\t\t\t \t\t\t\t<\/div>\n\t\t\t\t<\/div>\n\t\t\t\t\t<\/div>\n\t\t<\/div>\n\t\t\t\t\t<\/div>\n\t\t<\/section>\n\t\t\t\t<\/div>\n\t\t","protected":false},"excerpt":{"rendered":"<p>15 de septiembre de 2022 Con mucho fervor, los alumnos de Preprimaria y Primaria marcharon y entonaron el himno nacional acompa\u00f1ados de todos sus Docentes y Coordinadoras. Acto dirigido por los catedr\u00e1ticos de Educaci\u00f3n F\u00edsica.<\/p>\n","protected":false},"author":21,"featured_media":0,"parent":0,"menu_order":0,"comment_status":"closed","ping_status":"closed","template":"","meta":{"site-sidebar-layout":"no-sidebar","site-content-layout":"page-builder","ast-site-content-layout":"","site-content-style":"default","site-sidebar-style":"default","ast-global-header-display":"","ast-banner-title-visibility":"","ast-main-header-display":"","ast-hfb-above-header-display":"","ast-hfb-below-header-display":"","ast-hfb-mobile-header-display":"","site-post-title":"disabled","ast-breadcrumbs-content":"","ast-featured-img":"disabled","footer-sml-layout":"","theme-transparent-header-meta":"default","adv-header-id-meta":"","stick-header-meta":"","header-above-stick-meta":"","header-main-stick-meta":"","header-below-stick-meta":"","astra-migrate-meta-layouts":"default","ast-page-background-enabled":"default","ast-page-background-meta":{"desktop":{"background-color":"var(--ast-global-color-4)","background-image":"","background-repeat":"repeat","background-position":"center center","background-size":"auto","background-attachment":"scroll","background-type":"","background-media":"","overlay-type":"","overlay-color":"","overlay-opacity":"","overlay-gradient":""},"tablet":{"background-color":"","background-image":"","background-repeat":"repeat","background-position":"center center","background-size":"auto","background-attachment":"scroll","background-type":"","background-media":"","overlay-type":"","overlay-color":"","overlay-opacity":"","overlay-gradient":""},"mobile":{"background-color":"","background-image":"","background-repeat":"repeat","background-position":"center center","background-size":"auto","background-attachment":"scroll","background-type":"","background-media":"","overlay-type":"","overlay-color":"","overlay-opacity":"","overlay-gradient":""}},"ast-content-background-meta":{"desktop":{"background-color":"var(--ast-global-color-5)","background-image":"","background-repeat":"repeat","background-position":"center center","background-size":"auto","background-attachment":"scroll","background-type":"","background-media":"","overlay-type":"","overlay-color":"","overlay-opacity":"","overlay-gradient":""},"tablet":{"background-color":"var(--ast-global-color-5)","background-image":"","background-repeat":"repeat","background-position":"center center","background-size":"auto","background-attachment":"scroll","background-type":"","background-media":"","overlay-type":"","overlay-color":"","overlay-opacity":"","overlay-gradient":""},"mobile":{"background-color":"var(--ast-global-color-5)","background-image":"","background-repeat":"repeat","background-position":"center center","background-size":"auto","background-attachment":"scroll","background-type":"","background-media":"","overlay-type":"","overlay-color":"","overlay-opacity":"","overlay-gradient":""}},"footnotes":""},"_links":{"self":[{"href":"https:\/\/cgb.edu.gt\/wp\/wp-json\/wp\/v2\/pages\/3175"}],"collection":[{"href":"https:\/\/cgb.edu.gt\/wp\/wp-json\/wp\/v2\/pages"}],"about":[{"href":"https:\/\/cgb.edu.gt\/wp\/wp-json\/wp\/v2\/types\/page"}],"author":[{"embeddable":true,"href":"https:\/\/cgb.edu.gt\/wp\/wp-json\/wp\/v2\/users\/21"}],"replies":[{"embeddable":true,"href":"https:\/\/cgb.edu.gt\/wp\/wp-json\/wp\/v2\/comments?post=3175"}],"version-history":[{"count":7,"href":"https:\/\/cgb.edu.gt\/wp\/wp-json\/wp\/v2\/pages\/3175\/revisions"}],"predecessor-version":[{"id":3764,"href":"https:\/\/cgb.edu.gt\/wp\/wp-json\/wp\/v2\/pages\/3175\/revisions\/3764"}],"wp:attachment":[{"href":"https:\/\/cgb.edu.gt\/wp\/wp-json\/wp\/v2\/media?parent=3175"}],"curies":[{"name":"wp","href":"https:\/\/api.w.org\/{rel}","templated":true}]}}